{"id":1738,"date":"2021-05-14T12:02:21","date_gmt":"2021-05-14T10:02:21","guid":{"rendered":"https:\/\/se-vignette-france.com\/?post_type=product&#038;p=1738"},"modified":"2025-02-28T11:24:02","modified_gmt":"2025-02-28T10:24:02","slug":"critair-milieusticker-frankrijk","status":"publish","type":"product","link":"https:\/\/se-vignette-france.com\/nl\/product\/critair-milieusticker-frankrijk\/","title":{"rendered":"Milieuvignet Frankrijk"},"content":{"rendered":"<div id=\"main_content_title\">\n<h4><span style=\"color: #32cd32;\">Bestel bij ons de juiste milieusticker en\/of tolvignet<\/span><\/h4>\n<\/div>\n<div id=\"main_content_text\">\n<p>Het voorbereiden van een autovakantie is al ingewikkeld genoeg. Via VignetBestellen.nl weet u zeker dat uw\u00a0<strong>Milieusticker Frankrijk<\/strong>\u00a0aanvraag goed geregeld wordt. In de meeste Franse steden, zoals\u00a0Annecy,\u00a0Bouches-du-Rh\u00f4ne,\u00a0Chamb\u00e9ry,\u00a0Euro Disneyland Parijs,\u00a0Departement Dr\u00f4me,\u00a0Departement Is\u00e8re,\u00a0Grenoble,\u00a0Gironde,\u00a0H\u00e9rault,\u00a0Lille (Rijsel),\u00a0Loiret,\u00a0Lyon,\u00a0Milieusticker Parijs,\u00a0Rennes,\u00a0Straatsburg (Strasbourg),\u00a0Toulouse\u00a0en\u00a0Vienne\u00a0zijn zowel tijdelijke als permanente milieuzones actief. Dus gaat u op reis naar Frankrijk zorg dan dat u in het bezit bent van een geldig Milieuvignet Frankrijk!<\/p>\n<h4><span style=\"color: #32CD32;\">Uw Vignet Frankrijk Specialist<\/span><\/h4>\n<p>Deze website dient als handige bestelhulp voor het aanvragen van een Air Quality Certificate, mocht het op de offici\u00eble website niet lukken. Geheel in het Nederlands en g\u00e9\u00e9n creditcard nodig! Na het doen van uw aanvraag voor de milieu sticker Frankrijk ontvangt u van Minist\u00e8re de la Transition Ecologique et Solidaire een tijdelijke\u00a0<strong>Crit\u2019Air Ecovignet<\/strong>\u00a0als geldig leverbewijs dat uw voertuig voldoet aan de eisen om de Franse milieuzones te betreden.<\/p>\n<h4><span style=\"color: #32cd32;\">In het kort<\/span><\/h4>\n<ul>\n<li style=\"display: list-item!important;\">Verplicht in veel Europese steden<\/li>\n<li style=\"display: list-item!important;\">Elk wegenvignet, geldig in alle (permanente) milieuzones<\/li>\n<li style=\"display: list-item!important;\">Duizenden Nederlanders hebben hun ecovignet via ons ontvangen!<\/li>\n<li style=\"display: list-item!important;\">Online aanvragen en veilig betalen met Stripe<\/li>\n<li style=\"display: list-item!important;\">Het Franse Ministerie stuurt per e-mail een leverbewijs met uw voertuigclassificatie<\/li>\n<\/ul>\n<h4><span style=\"color: #32cd32;\">Hulp nodig bij uw aanvraag?<\/span><\/h4>\n<p>Heeft u vragen over het autovignet Frankrijk of komt u er niet uit? Laat u helpen! Bel deze middag met onze Nederlandstalige\u00a0klantenservice\u00a0\u00bb<\/p>\n<\/div>","protected":false},"excerpt":{"rendered":"<p>Het luchtkwaliteitscertificaat is een beveiligd document dat voertuigen classificeert op basis van hun vervuilende emissies.<\/p>","protected":false},"featured_media":5549,"template":"","meta":[],"product_cat":[55],"product_tag":[],"yoast_head":"<!-- This site is optimized with the Yoast SEO plugin v20.12 - https:\/\/yoast.com\/wordpress\/plugins\/seo\/ -->\n<title>Milieuvignet Frankrijk - Vignette Crit&#039;Air<\/title>\n<meta name=\"description\" content=\"Eco-vignette France : Quelles sont les conditions. pic de pollution, circulation altern\u00e9e, restrictions, dispositif antipollution...\" \/>\n<meta name=\"robots\" content=\"noindex, follow, max-snippet:-1, max-image-preview:large, max-video-preview:-1\" \/>\n<meta property=\"og:locale\" content=\"nl_NL\" \/>\n<meta property=\"og:type\" content=\"article\" \/>\n<meta property=\"og:title\" content=\"Milieuvignet Frankrijk - Vignette Crit&#039;Air\" \/>\n<meta property=\"og:description\" content=\"Eco-vignette France : Quelles sont les conditions. pic de pollution, circulation altern\u00e9e, restrictions, dispositif antipollution...\" \/>\n<meta property=\"og:url\" content=\"https:\/\/se-vignette-france.com\/nl\/product\/critair-milieusticker-frankrijk\/\" \/>\n<meta property=\"og:site_name\" content=\"Vignette Crit&#039;Air\" \/>\n<meta property=\"article:modified_time\" content=\"2025-02-28T10:24:02+00:00\" \/>\n<meta property=\"og:image\" content=\"https:\/\/se-vignette-france.com\/wp-content\/uploads\/2021\/05\/frneth.png\" \/>\n\t<meta property=\"og:image:width\" content=\"500\" \/>\n\t<meta property=\"og:image:height\" content=\"500\" \/>\n\t<meta property=\"og:image:type\" content=\"image\/png\" \/>\n<meta name=\"twitter:card\" content=\"summary_large_image\" \/>\n<meta name=\"twitter:label1\" content=\"Verwachte leestijd\" \/>\n\t<meta name=\"twitter:data1\" content=\"2 minuten\" \/>\n<script type=\"application\/ld+json\" class=\"yoast-schema-graph\">{\"@context\":\"https:\/\/schema.org\",\"@graph\":[{\"@type\":\"WebPage\",\"@id\":\"https:\/\/se-vignette-france.com\/nl\/product\/critair-milieusticker-frankrijk\/\",\"url\":\"https:\/\/se-vignette-france.com\/nl\/product\/critair-milieusticker-frankrijk\/\",\"name\":\"Milieuvignet Frankrijk - Vignette Crit&#039;Air\",\"isPartOf\":{\"@id\":\"https:\/\/se-vignette-france.com\/nl\/#website\"},\"datePublished\":\"2021-05-14T10:02:21+00:00\",\"dateModified\":\"2025-02-28T10:24:02+00:00\",\"description\":\"Eco-vignette France : Quelles sont les conditions. pic de pollution, circulation altern\u00e9e, restrictions, dispositif antipollution...\",\"breadcrumb\":{\"@id\":\"https:\/\/se-vignette-france.com\/nl\/product\/critair-milieusticker-frankrijk\/#breadcrumb\"},\"inLanguage\":\"nl\",\"potentialAction\":[{\"@type\":\"ReadAction\",\"target\":[\"https:\/\/se-vignette-france.com\/nl\/product\/critair-milieusticker-frankrijk\/\"]}]},{\"@type\":\"BreadcrumbList\",\"@id\":\"https:\/\/se-vignette-france.com\/nl\/product\/critair-milieusticker-frankrijk\/#breadcrumb\",\"itemListElement\":[{\"@type\":\"ListItem\",\"position\":1,\"name\":\"Home\",\"item\":\"https:\/\/se-vignette-france.com\/nl\/\"},{\"@type\":\"ListItem\",\"position\":2,\"name\":\"Produits\",\"item\":\"https:\/\/se-vignette-france.com\/nl\/shop\/\"},{\"@type\":\"ListItem\",\"position\":3,\"name\":\"Milieuvignet Frankrijk\"}]},{\"@type\":\"WebSite\",\"@id\":\"https:\/\/se-vignette-france.com\/nl\/#website\",\"url\":\"https:\/\/se-vignette-france.com\/nl\/\",\"name\":\"Vignette Crit&#039;Air\",\"description\":\"France\",\"potentialAction\":[{\"@type\":\"SearchAction\",\"target\":{\"@type\":\"EntryPoint\",\"urlTemplate\":\"https:\/\/se-vignette-france.com\/nl\/?s={search_term_string}\"},\"query-input\":\"required name=search_term_string\"}],\"inLanguage\":\"nl\"}]}<\/script>\n<!-- \/ Yoast SEO plugin. -->","yoast_head_json":{"title":"Milieuvignet Frankrijk - Vignette Crit&#039;Air","description":"Eco-vignette France : Quelles sont les conditions. pic de pollution, circulation altern\u00e9e, restrictions, dispositif antipollution...","robots":{"index":"noindex","follow":"follow","max-snippet":"max-snippet:-1","max-image-preview":"max-image-preview:large","max-video-preview":"max-video-preview:-1"},"og_locale":"nl_NL","og_type":"article","og_title":"Milieuvignet Frankrijk - Vignette Crit&#039;Air","og_description":"Eco-vignette France : Quelles sont les conditions. pic de pollution, circulation altern\u00e9e, restrictions, dispositif antipollution...","og_url":"https:\/\/se-vignette-france.com\/nl\/product\/critair-milieusticker-frankrijk\/","og_site_name":"Vignette Crit&#039;Air","article_modified_time":"2025-02-28T10:24:02+00:00","og_image":[{"width":500,"height":500,"url":"https:\/\/se-vignette-france.com\/wp-content\/uploads\/2021\/05\/frneth.png","type":"image\/png"}],"twitter_card":"summary_large_image","twitter_misc":{"Verwachte leestijd":"2 minuten"},"schema":{"@context":"https:\/\/schema.org","@graph":[{"@type":"WebPage","@id":"https:\/\/se-vignette-france.com\/nl\/product\/critair-milieusticker-frankrijk\/","url":"https:\/\/se-vignette-france.com\/nl\/product\/critair-milieusticker-frankrijk\/","name":"Milieuvignet Frankrijk - Vignette Crit&#039;Air","isPartOf":{"@id":"https:\/\/se-vignette-france.com\/nl\/#website"},"datePublished":"2021-05-14T10:02:21+00:00","dateModified":"2025-02-28T10:24:02+00:00","description":"Eco-vignette France : Quelles sont les conditions. pic de pollution, circulation altern\u00e9e, restrictions, dispositif antipollution...","breadcrumb":{"@id":"https:\/\/se-vignette-france.com\/nl\/product\/critair-milieusticker-frankrijk\/#breadcrumb"},"inLanguage":"nl","potentialAction":[{"@type":"ReadAction","target":["https:\/\/se-vignette-france.com\/nl\/product\/critair-milieusticker-frankrijk\/"]}]},{"@type":"BreadcrumbList","@id":"https:\/\/se-vignette-france.com\/nl\/product\/critair-milieusticker-frankrijk\/#breadcrumb","itemListElement":[{"@type":"ListItem","position":1,"name":"Home","item":"https:\/\/se-vignette-france.com\/nl\/"},{"@type":"ListItem","position":2,"name":"Produits","item":"https:\/\/se-vignette-france.com\/nl\/shop\/"},{"@type":"ListItem","position":3,"name":"Milieuvignet Frankrijk"}]},{"@type":"WebSite","@id":"https:\/\/se-vignette-france.com\/nl\/#website","url":"https:\/\/se-vignette-france.com\/nl\/","name":"Vignette Crit&#039;Air","description":"France","potentialAction":[{"@type":"SearchAction","target":{"@type":"EntryPoint","urlTemplate":"https:\/\/se-vignette-france.com\/nl\/?s={search_term_string}"},"query-input":"required name=search_term_string"}],"inLanguage":"nl"}]}},"lang":"nl","translations":{"nl":1738},"_links":{"self":[{"href":"https:\/\/se-vignette-france.com\/nl\/wp-json\/wp\/v2\/product\/1738"}],"collection":[{"href":"https:\/\/se-vignette-france.com\/nl\/wp-json\/wp\/v2\/product"}],"about":[{"href":"https:\/\/se-vignette-france.com\/nl\/wp-json\/wp\/v2\/types\/product"}],"version-history":[{"count":1,"href":"https:\/\/se-vignette-france.com\/nl\/wp-json\/wp\/v2\/product\/1738\/revisions"}],"predecessor-version":[{"id":8964,"href":"https:\/\/se-vignette-france.com\/nl\/wp-json\/wp\/v2\/product\/1738\/revisions\/8964"}],"wp:featuredmedia":[{"embeddable":true,"href":"https:\/\/se-vignette-france.com\/nl\/wp-json\/wp\/v2\/media\/5549"}],"wp:attachment":[{"href":"https:\/\/se-vignette-france.com\/nl\/wp-json\/wp\/v2\/media?parent=1738"}],"wp:term":[{"taxonomy":"product_cat","embeddable":true,"href":"https:\/\/se-vignette-france.com\/nl\/wp-json\/wp\/v2\/product_cat?post=1738"},{"taxonomy":"product_tag","embeddable":true,"href":"https:\/\/se-vignette-france.com\/nl\/wp-json\/wp\/v2\/product_tag?post=1738"}],"curies":[{"name":"wp","href":"https:\/\/api.w.org\/{rel}","templated":true}]}}